{"id":1094,"date":"2018-05-24T13:54:57","date_gmt":"2018-05-24T13:54:57","guid":{"rendered":"http:\/\/trianadvisors.com\/?page_id=1094"},"modified":"2022-08-31T01:35:59","modified_gmt":"2022-08-31T01:35:59","slug":"asesoria-en-inversiones","status":"publish","type":"page","link":"https:\/\/www.trianadvisors.com\/es\/asesoria-en-inversiones\/","title":{"rendered":"Asesor\u00eda en Inversiones"},"content":{"rendered":"<\/div><\/div><\/div><!-- close content main div --><\/div><\/div><div id='av_section_1' class='avia-section main_color avia-section-no-padding avia-no-border-styling av-section-color-overlay-active avia-bg-style-scroll    av-minimum-height av-minimum-height-custom container_wrap sidebar_right' style = 'background-color: #000000; '  ><div class='av-section-color-overlay-wrap'><div class='av-section-color-overlay' style='opacity: 0.3; background-color: #14547e; background-image: url(https:\/\/www.trianadvisors.com\/wp-content\/themes\/enfold\/images\/background-images\/polygon.png); background-repeat: repeat;'><\/div><div class='container' style='height:250px'><div class='template-page content  av-content-small alpha units'><div class='post-entry post-entry-type-page post-entry-1094'><div class='entry-content-wrapper clearfix'>\n<div style='padding-bottom:10px;color:#ffffff;font-size:40px;' class='av-special-heading av-special-heading-h1 custom-color-heading blockquote modern-quote modern-centered   av-inherit-size '><h1 class='av-special-heading-tag '  itemprop=\"headline\"  >ASESOR\u00cdA EN INVERSIONES<\/h1><div class='special-heading-border'><div class='special-heading-inner-border' style='border-color:#ffffff'><\/div><\/div><\/div>\n<div style=' margin-top:10px; margin-bottom:10px;'  class='hr hr-custom hr-center hr-icon-yes   '><span class='hr-inner   inner-border-av-border-fat' style=' width:250px; border-color:#14547e;' ><span class='hr-inner-style'><\/span><\/span><span class='av-seperator-icon'  aria-hidden='true' data-av_icon='\ue8c6' data-av_iconfont='entypo-fontello'><\/span><span class='hr-inner   inner-border-av-border-fat' style=' width:250px; border-color:#14547e;' ><span class='hr-inner-style'><\/span><\/span><\/div>\n<\/div><\/div><\/div><!-- close content main div --><\/div><\/div><\/div><div id='after_section_1' class='main_color av_default_container_wrap container_wrap sidebar_right'   ><div class='container' ><div class='template-page content  av-content-small alpha units'><div class='post-entry post-entry-type-page post-entry-1094'><div class='entry-content-wrapper clearfix'>\n<div class=\"flex_column av_one_full  flex_column_div av-zero-column-padding first  \" style='border-radius:0px; '><section class=\"av_textblock_section \"  itemscope=\"itemscope\" itemtype=\"https:\/\/schema.org\/CreativeWork\" ><div class='avia_textblock  '   itemprop=\"text\" ><p>Trian Financial Advisors es una firma de asesor\u00eda que se ha desarrollado rodeado de profesionales altamente calificados con experiencia en mercados internacionales y en donde nuestro modelo de estructura abierta nos permite adaptarnos a un mundo en constante cambio y responder r\u00e1pidamente a las necesidades del cliente.<\/p>\n<p>Estamos dedicados a brindar protecci\u00f3n, diversificaci\u00f3n y crecimiento al patrimonio de nuestros clientes individuales y corporativos.<\/p>\n<p>De acuerdo con el perfil del cliente, ofrecemos dos gestiones financieras distintivas:<\/p>\n<ul>\n<li>Gesti\u00f3n no discrecional, donde los asesores de Trian Financial Advisors act\u00faan como su gu\u00eda en sus inversiones y el cliente se mantiene como parte activa del proceso de toma de decisiones de inversi\u00f3n.<\/li>\n<li>Gesti\u00f3n discrecional, donde los asesores de Trian Financial Advisors gestionan la cartera del cliente en su nombre de acuerdo con su perfil financiero y tolerancia al riesgo.<\/li>\n<\/ul>\n<h2>Administraci\u00f3n no discrecional<\/h2>\n<p>Este servicio est\u00e1 destinado a guiar al cliente durante todo el proceso hacia el \u00e9xito en su inversi\u00f3n, desde la apertura de una cuenta bancaria internacional hasta el asesoramiento de inversiones en productos financieros. La idea principal es que el cliente tome la decisi\u00f3n final respecto a cada inversi\u00f3n.<\/p>\n<p>Nuestro objetivo es proporcionar al cliente ideas de inversi\u00f3n para cumplir con sus proyectos. Nos enfocamos en comprender el perfil del cliente y brindar un contacto permanente que le permita realizar el seguimiento oportuno a sus inversiones.<\/p>\n<h2>Administraci\u00f3n discrecional<\/h2>\n<p>Este servicio est\u00e1 destinado a guiar al cliente no solo con una soluci\u00f3n de banco internacional, sino a todas las decisiones y gesti\u00f3n diarias de su cartera de inversi\u00f3n. Nuestra misi\u00f3n es proporcionarle al cliente una cartera que cumpla con sus objetivos financieros durante el tiempo de la inversi\u00f3n.<\/p>\n<h3>Por qu\u00e9 elegir Administraci\u00f3n discrecional:<\/h3>\n<ul>\n<li>Gesti\u00f3n profesional de inversiones: usted delega en los asesores de Trian Financial Advisors la gesti\u00f3n de su cartera, a la vez que reduce el tiempo valioso que podr\u00eda tomar el proceso de toma de decisiones en la gesti\u00f3n no discrecional.<\/li>\n<li>Cartera personalizada: carteras hechas a medida de acuerdo con su perfil de riesgo<\/li>\n<li>Observaci\u00f3n permanente: monitoreo de riesgos que cumple con sus objetivos de inversi\u00f3n<\/li>\n<li>Flexibilidad: puede cambiar de perfil en cualquier momento.<\/li>\n<li>Transparencia y seguimiento: informes personalizados detallados y consolidados.<\/li>\n<li>Estructuras de tarifas: acceso a precios &#8220;todo incluido&#8221; (una tarifa que incluye custodia, transacci\u00f3n, administraci\u00f3n, etc.).<\/li>\n<\/ul>\n<\/div><\/section><\/div>\n","protected":false},"excerpt":{"rendered":"","protected":false},"author":1,"featured_media":0,"parent":0,"menu_order":0,"comment_status":"closed","ping_status":"closed","template":"","meta":{"footnotes":""},"_links":{"self":[{"href":"https:\/\/www.trianadvisors.com\/es\/wp-json\/wp\/v2\/pages\/1094"}],"collection":[{"href":"https:\/\/www.trianadvisors.com\/es\/wp-json\/wp\/v2\/pages"}],"about":[{"href":"https:\/\/www.trianadvisors.com\/es\/wp-json\/wp\/v2\/types\/page"}],"author":[{"embeddable":true,"href":"https:\/\/www.trianadvisors.com\/es\/wp-json\/wp\/v2\/users\/1"}],"replies":[{"embeddable":true,"href":"https:\/\/www.trianadvisors.com\/es\/wp-json\/wp\/v2\/comments?post=1094"}],"version-history":[{"count":9,"href":"https:\/\/www.trianadvisors.com\/es\/wp-json\/wp\/v2\/pages\/1094\/revisions"}],"predecessor-version":[{"id":1335,"href":"https:\/\/www.trianadvisors.com\/es\/wp-json\/wp\/v2\/pages\/1094\/revisions\/1335"}],"wp:attachment":[{"href":"https:\/\/www.trianadvisors.com\/es\/wp-json\/wp\/v2\/media?parent=1094"}],"curies":[{"name":"wp","href":"https:\/\/api.w.org\/{rel}","templated":true}]}}