{"id":1133,"date":"2018-05-24T15:25:44","date_gmt":"2018-05-24T15:25:44","guid":{"rendered":"http:\/\/trianadvisors.com\/?page_id=1133"},"modified":"2022-04-12T16:50:30","modified_gmt":"2022-04-12T16:50:30","slug":"productos-estructurados","status":"publish","type":"page","link":"https:\/\/www.trianadvisors.com\/es\/productos-estructurados\/","title":{"rendered":"Productos Estructurados"},"content":{"rendered":"<\/div><\/div><\/div><!-- close content main div --><\/div><\/div><div id='av_section_1' class='avia-section main_color avia-section-no-padding avia-no-border-styling av-section-color-overlay-active avia-bg-style-scroll    av-minimum-height av-minimum-height-custom container_wrap sidebar_right' style = 'background-color: #000000; '  ><div class='av-section-color-overlay-wrap'><div class='av-section-color-overlay' style='opacity: 0.3; background-color: #14547e; background-image: url(https:\/\/www.trianadvisors.com\/wp-content\/themes\/enfold\/images\/background-images\/polygon.png); background-repeat: repeat;'><\/div><div class='container' style='height:250px'><div class='template-page content  av-content-small alpha units'><div class='post-entry post-entry-type-page post-entry-1133'><div class='entry-content-wrapper clearfix'>\n<div style='padding-bottom:10px;color:#ffffff;font-size:40px;' class='av-special-heading av-special-heading-h1 custom-color-heading blockquote modern-quote modern-centered   av-inherit-size '><h1 class='av-special-heading-tag '  itemprop=\"headline\"  >PRODUCTOS ESTRUCTURADOS<\/h1><div class='special-heading-border'><div class='special-heading-inner-border' style='border-color:#ffffff'><\/div><\/div><\/div>\n<div style=' margin-top:10px; margin-bottom:10px;'  class='hr hr-custom hr-center hr-icon-yes   '><span class='hr-inner   inner-border-av-border-fat' style=' width:250px; border-color:#14547e;' ><span class='hr-inner-style'><\/span><\/span><span class='av-seperator-icon'  aria-hidden='true' data-av_icon='\ue850' data-av_iconfont='entypo-fontello'><\/span><span class='hr-inner   inner-border-av-border-fat' style=' width:250px; border-color:#14547e;' ><span class='hr-inner-style'><\/span><\/span><\/div>\n<\/div><\/div><\/div><!-- close content main div --><\/div><\/div><\/div><div id='after_section_1' class='main_color av_default_container_wrap container_wrap sidebar_right'   ><div class='container' ><div class='template-page content  av-content-small alpha units'><div class='post-entry post-entry-type-page post-entry-1133'><div class='entry-content-wrapper clearfix'>\n<div class=\"flex_column av_one_full  flex_column_div av-zero-column-padding first  \" style='border-radius:0px; '><section class=\"av_textblock_section \"  itemscope=\"itemscope\" itemtype=\"https:\/\/schema.org\/CreativeWork\" ><div class='avia_textblock  '   itemprop=\"text\" ><p style=\"text-align: center;\">En Train Financial Advisors, alentamos a nuestros clientes a pensar en grande y expresar lo que realmente desean de sus inversiones. Cada cliente tiene diferentes objetivos financieros, requerimientos personales, perfil de riesgo y necesidades de liquidez. Debido a esta diversidad que propone retos, es que amamos lo que hacemos, porque nos mantiene en constante proceso creativo. Para aquellos clientes que intentan pensar \u201cout of the box\u201d en relaci\u00f3n a sus inversiones financieras, les ofrecemos la oportunidad de crear sus propios productos estructuradas que coincidan exactamente con sus necesidades.<\/p>\n<\/div><\/section><\/div>\n<div class=\"flex_column av_one_full  flex_column_div av-zero-column-padding first  \" style='border-radius:0px; '><section class=\"av_textblock_section \"  itemscope=\"itemscope\" itemtype=\"https:\/\/schema.org\/CreativeWork\" ><div class='avia_textblock  '   itemprop=\"text\" ><h2>Desarrollo de productos estructurados<\/h2>\n<p>Los productos estructurados est\u00e1n cada vez m\u00e1s presentes en las carteras de inversi\u00f3n. La raz\u00f3n de su \u00e9xito se debe al hecho de que son instrumentos financieros que permiten a los clientes optimizar los rendimientos a trav\u00e9s de diferentes temas, ajustando el nivel de riesgo deseado. Los productos estructurados son instrumentos financieros hechos a la medida; es decir, permiten modelar una soluci\u00f3n de inversi\u00f3n seg\u00fan las necesidades y el riesgo deseado del cliente, as\u00ed como las perspectivas del mercado.<\/p>\n<h2>Las ventajas de los productos estructurados<\/h2>\n<ul>\n<li><strong>Mejora en rendimientos:<\/strong> rendimiento adicional en entornos de mercado exigentes.<\/li>\n<li><strong>Diversidad:<\/strong> opci\u00f3n de invertir en numerosos mercados, temas y activos<\/li>\n<li><strong>Adaptabilidad:<\/strong> algunos productos estructurados permiten adaptarse a inversionistas con un apetito de bajo riesgo, mientras que otros permiten alcanzar rendimientos y riesgos elevados.<\/li>\n<li><strong>Optimizaci\u00f3n de mercados:<\/strong> los productos se adaptan seg\u00fan el pa\u00eds de residencia de cada cliente.<\/li>\n<li><strong>Protecci\u00f3n de capital:<\/strong> los productos estructurados ofrecen la oportunidad de protecci\u00f3n de capital, estando siempre expuestos al riesgo del emisor.<\/li>\n<\/ul>\n<h2>Ventajas de trabajar con nosotros:<\/h2>\n<ul>\n<li>Bajo volumen de inversi\u00f3n comparado con el requerimiento est\u00e1ndar del mercado.<\/li>\n<li>Servicio personalizado.<\/li>\n<li>Reactividad.<\/li>\n<li>Monitoreo continuo de su cartera<\/li>\n<\/ul>\n<\/div><\/section><\/div>\n","protected":false},"excerpt":{"rendered":"","protected":false},"author":1,"featured_media":0,"parent":0,"menu_order":0,"comment_status":"closed","ping_status":"closed","template":"","meta":{"footnotes":""},"_links":{"self":[{"href":"https:\/\/www.trianadvisors.com\/es\/wp-json\/wp\/v2\/pages\/1133"}],"collection":[{"href":"https:\/\/www.trianadvisors.com\/es\/wp-json\/wp\/v2\/pages"}],"about":[{"href":"https:\/\/www.trianadvisors.com\/es\/wp-json\/wp\/v2\/types\/page"}],"author":[{"embeddable":true,"href":"https:\/\/www.trianadvisors.com\/es\/wp-json\/wp\/v2\/users\/1"}],"replies":[{"embeddable":true,"href":"https:\/\/www.trianadvisors.com\/es\/wp-json\/wp\/v2\/comments?post=1133"}],"version-history":[{"count":10,"href":"https:\/\/www.trianadvisors.com\/es\/wp-json\/wp\/v2\/pages\/1133\/revisions"}],"predecessor-version":[{"id":1310,"href":"https:\/\/www.trianadvisors.com\/es\/wp-json\/wp\/v2\/pages\/1133\/revisions\/1310"}],"wp:attachment":[{"href":"https:\/\/www.trianadvisors.com\/es\/wp-json\/wp\/v2\/media?parent=1133"}],"curies":[{"name":"wp","href":"https:\/\/api.w.org\/{rel}","templated":true}]}}