{"id":1158,"date":"2018-05-24T15:41:23","date_gmt":"2018-05-24T15:41:23","guid":{"rendered":"http:\/\/trianadvisors.com\/?page_id=1158"},"modified":"2022-12-21T16:58:34","modified_gmt":"2022-12-21T16:58:34","slug":"vehiculos-de-sucesion-patrimonial","status":"publish","type":"page","link":"https:\/\/www.trianadvisors.com\/es\/vehiculos-de-sucesion-patrimonial\/","title":{"rendered":"Gestion de Patrimonios"},"content":{"rendered":"<\/div><\/div><\/div><!-- close content main div --><\/div><\/div><div id='av_section_1' class='avia-section main_color avia-section-no-padding avia-no-border-styling av-section-color-overlay-active avia-bg-style-scroll    av-minimum-height av-minimum-height-custom container_wrap sidebar_right' style = 'background-color: #000000; '  ><div class='av-section-color-overlay-wrap'><div class='av-section-color-overlay' style='opacity: 0.3; background-color: #14547e; background-image: url(https:\/\/www.trianadvisors.com\/wp-content\/themes\/enfold\/images\/background-images\/polygon.png); background-repeat: repeat;'><\/div><div class='container' style='height:250px'><div class='template-page content  av-content-small alpha units'><div class='post-entry post-entry-type-page post-entry-1158'><div class='entry-content-wrapper clearfix'>\n<div style='padding-bottom:10px;color:#ffffff;font-size:40px;' class='av-special-heading av-special-heading-h1 custom-color-heading blockquote modern-quote modern-centered   av-inherit-size '><h1 class='av-special-heading-tag '  itemprop=\"headline\"  >GESTI\u00d3N DE PATRIMONIOS<\/h1><div class='special-heading-border'><div class='special-heading-inner-border' style='border-color:#ffffff'><\/div><\/div><\/div>\n<div style=' margin-top:10px; margin-bottom:10px;'  class='hr hr-custom hr-center hr-icon-yes   '><span class='hr-inner   inner-border-av-border-fat' style=' width:250px; border-color:#14547e;' ><span class='hr-inner-style'><\/span><\/span><span class='av-seperator-icon'  aria-hidden='true' data-av_icon='\ue8da' data-av_iconfont='entypo-fontello'><\/span><span class='hr-inner   inner-border-av-border-fat' style=' width:250px; border-color:#14547e;' ><span class='hr-inner-style'><\/span><\/span><\/div>\n<\/div><\/div><\/div><!-- close content main div --><\/div><\/div><\/div><div id='after_section_1' class='main_color av_default_container_wrap container_wrap sidebar_right'   ><div class='container' ><div class='template-page content  av-content-small alpha units'><div class='post-entry post-entry-type-page post-entry-1158'><div class='entry-content-wrapper clearfix'><div class=\"flex_column av_one_full  flex_column_div av-zero-column-padding first  \" style='border-radius:0px; '><section class=\"av_textblock_section \"  itemscope=\"itemscope\" itemtype=\"https:\/\/schema.org\/CreativeWork\" ><div class='avia_textblock  '   itemprop=\"text\" ><p>Para satisfacer las complejas necesidades de nuestros clientes, ofrecemos una soluci\u00f3n integral con una amplia gama de servicios, como asesoramiento sobre inversiones, planificaci\u00f3n patrimonial, contabilidad, jubilaci\u00f3n y servicios fiscales. Hacemos esto posible a trav\u00e9s de la asociaci\u00f3n con los mejores profesionales licenciados que se re\u00fanen para ayudar y superar las expectativas de nuestros clientes.<\/p>\n<p>El objetivo principal de Trian Financial con este servicio es organizar, proteger y aumentar los activos de nuestros clientes y asegurarles que ser\u00e1n administrados por fideicomisarios profesionales para su beneficio y el de sus herederos.<\/p>\n<h2>Ventajas de trabajar con nosotros:<\/h2>\n<ul>\n<li>Ventanilla \u00fanica para numerosos servicios.<\/li>\n<li>Experiencia y proceso de configuraci\u00f3n r\u00e1pida<\/li>\n<li>Flexibilidad y proceso de enfoque del cliente<\/li>\n<li>Asociaci\u00f3n con expertos en impuestos en diferentes pa\u00edses<\/li>\n<li>Informes detallados y consolidados<\/li>\n<\/ul>\n<\/div><\/section><\/div><\/p>\n","protected":false},"excerpt":{"rendered":"","protected":false},"author":1,"featured_media":0,"parent":0,"menu_order":0,"comment_status":"closed","ping_status":"closed","template":"","meta":{"footnotes":""},"_links":{"self":[{"href":"https:\/\/www.trianadvisors.com\/es\/wp-json\/wp\/v2\/pages\/1158"}],"collection":[{"href":"https:\/\/www.trianadvisors.com\/es\/wp-json\/wp\/v2\/pages"}],"about":[{"href":"https:\/\/www.trianadvisors.com\/es\/wp-json\/wp\/v2\/types\/page"}],"author":[{"embeddable":true,"href":"https:\/\/www.trianadvisors.com\/es\/wp-json\/wp\/v2\/users\/1"}],"replies":[{"embeddable":true,"href":"https:\/\/www.trianadvisors.com\/es\/wp-json\/wp\/v2\/comments?post=1158"}],"version-history":[{"count":8,"href":"https:\/\/www.trianadvisors.com\/es\/wp-json\/wp\/v2\/pages\/1158\/revisions"}],"predecessor-version":[{"id":1654,"href":"https:\/\/www.trianadvisors.com\/es\/wp-json\/wp\/v2\/pages\/1158\/revisions\/1654"}],"wp:attachment":[{"href":"https:\/\/www.trianadvisors.com\/es\/wp-json\/wp\/v2\/media?parent=1158"}],"curies":[{"name":"wp","href":"https:\/\/api.w.org\/{rel}","templated":true}]}}