{"id":1477,"date":"2022-09-13T19:35:30","date_gmt":"2022-09-13T19:35:30","guid":{"rendered":"https:\/\/www.trianadvisors.com\/?page_id=1477"},"modified":"2022-09-13T19:53:10","modified_gmt":"2022-09-13T19:53:10","slug":"seguros-de-vida-termino","status":"publish","type":"page","link":"https:\/\/www.trianadvisors.com\/es\/seguros-de-vida-termino\/","title":{"rendered":"Seguros de Vida a T\u00e9rmino"},"content":{"rendered":"<\/div><\/div><\/div><!-- close content main div --><\/div><\/div><div id='av_section_1' class='avia-section main_color avia-section-no-padding avia-no-border-styling av-section-color-overlay-active avia-bg-style-scroll    av-minimum-height av-minimum-height-custom container_wrap sidebar_right' style = 'background-color: #000000; '  ><div class='av-section-color-overlay-wrap'><div class='av-section-color-overlay' style='opacity: 0.3; background-color: #14547e; background-image: url(https:\/\/www.trianadvisors.com\/wp-content\/themes\/enfold\/images\/background-images\/polygon.png); background-repeat: repeat;'><\/div><div class='container' style='height:250px'><div class='template-page content  av-content-small alpha units'><div class='post-entry post-entry-type-page post-entry-1477'><div class='entry-content-wrapper clearfix'>\n<div style='padding-bottom:10px;color:#ffffff;font-size:40px;' class='av-special-heading av-special-heading-h1 custom-color-heading blockquote modern-quote modern-centered   av-inherit-size '><h1 class='av-special-heading-tag '  itemprop=\"headline\"  >SEGUROS DE VIDA A TERMINO<\/h1><div class='special-heading-border'><div class='special-heading-inner-border' style='border-color:#ffffff'><\/div><\/div><\/div>\n<\/div><\/div><\/div><!-- close content main div --><\/div><\/div><\/div><div id='after_section_1' class='main_color av_default_container_wrap container_wrap sidebar_right'   ><div class='container' ><div class='template-page content  av-content-small alpha units'><div class='post-entry post-entry-type-page post-entry-1477'><div class='entry-content-wrapper clearfix'><div  class='hr hr-default  '><span class='hr-inner ' ><span class='hr-inner-style'><\/span><\/span><\/div><\/p>\n<div class=\"flex_column av_one_half  flex_column_div av-zero-column-padding first  \" style='border-radius:0px; '><section class=\"av_textblock_section \"  itemscope=\"itemscope\" itemtype=\"https:\/\/schema.org\/CreativeWork\" ><div class='avia_textblock  '   itemprop=\"text\" ><div class=\"breadcrumb cmp-breadcrumb--block aem-GridColumn aem-GridColumn--default--12\">\n<div class=\"cmp-breadcrumb\">\n<div class=\"container\"><\/div>\n<\/div>\n<\/div>\n<div class=\"responsivegrid aem-GridColumn aem-GridColumn--default--12\" role=\"main\">\n<div class=\"aem-Grid aem-Grid--12 aem-Grid--small--12 aem-Grid--default--12 aem-Grid--x-small--12 \">\n<div class=\"banner-detail cmp-banner-detail--dark-palm aem-GridColumn aem-GridColumn--default--12\">\n<div class=\"cmp-banner-detail\">\n<div class=\"row row-eq-height\">\n<div class=\"col-xl-8 col-lg-8 col-md-12 col-sm-12 cmp-banner-detail__details\">\n<h1><strong><span style=\"color: #333399;\">Seguros de Vida a T\u00e9rmino<\/span><\/strong><\/h1>\n<p class=\"h3\"><span style=\"color: #333399;\">Compra a t\u00e9rmino e invierte la diferencia.<\/span><\/p>\n<p>Con el seguro de vida a t\u00e9rmino, obtienes mucho m\u00e1s que cobertura por un per\u00edodo determinado. El seguro a t\u00e9rmino va m\u00e1s all\u00e1 de proteger a su familia; lo coloca a usted y a sus seres queridos en el camino hacia la preparaci\u00f3n financiera en el futuro. El seguro de vida a t\u00e9rmino asegura su protecci\u00f3n inmediata y le otorga suficiente presupuesto para invertir para su jubilaci\u00f3n. Esto significa que puede ayudarlo a alcanzar sus objetivos en cada etapa de la vida.<\/p>\n<\/div>\n<\/div>\n<\/div>\n<\/div>\n<\/div>\n<\/div>\n<\/div><\/section><\/div><div class=\"flex_column av_one_half  flex_column_div av-zero-column-padding   \" style='border-radius:0px; '><section class=\"av_textblock_section \"  itemscope=\"itemscope\" itemtype=\"https:\/\/schema.org\/CreativeWork\" ><div class='avia_textblock  '   itemprop=\"text\" ><p><span class=\"text__black\"><b><span class=\"text__medium\">Considera un seguro a t\u00e9rmino si estas buscando:<\/span><\/b><\/span><\/p>\n<ul>\n<li>Cobertura temporal que te permite invertir al m\u00e1ximo para tu jubilaci\u00f3n.<\/li>\n<li>Complementos personalizables que pueden adaptarse a tus necesidades individuales, incluso si cambian.<\/li>\n<li>Protecci\u00f3n para su familia y que sigua siendo flexible.<\/li>\n<\/ul>\n<\/div><\/section><\/div><\/div><\/div><\/div><!-- close content main div --><\/div><\/div><div id='av_section_2' class='avia-section main_color avia-section-default avia-no-shadow avia-bg-style-scroll    container_wrap sidebar_right' style = 'background-color: #f4f4f4; '  ><div class='container' ><div class='template-page content  av-content-small alpha units'><div class='post-entry post-entry-type-page post-entry-1477'><div class='entry-content-wrapper clearfix'>\n<div class=\"flex_column av_one_half  flex_column_div av-zero-column-padding first  \" style='border-radius:0px; '><section class=\"av_textblock_section \"  itemscope=\"itemscope\" itemtype=\"https:\/\/schema.org\/CreativeWork\" ><div class='avia_textblock  '   itemprop=\"text\" ><h1>Con el seguro de vida a t\u00e9rmino, puede equilibrar tus necesidades inmediatas con los objetivos continuos.<\/h1>\n<p>Comencemos analizando algunos factores a considerar al crear su p\u00f3liza de vida a t\u00e9rmino personalizada.<\/p>\n<\/div><\/section><\/div><div class=\"flex_column av_one_half  flex_column_div av-zero-column-padding   \" style='border-radius:0px; '><\/div><div class=\"flex_column av_one_half  flex_column_div first   \" style='border-width:1px; border-color:rgba(38,38,38,0.45); border-style:solid; padding:10px; border-radius:10; '><section class=\"av_textblock_section \"  itemscope=\"itemscope\" itemtype=\"https:\/\/schema.org\/CreativeWork\" ><div class='avia_textblock  '   itemprop=\"text\" ><p><strong><span style=\"color: #000080;\"><span class=\"text__dark-palm\">Tu cobertura\u00a0<\/span><\/span><\/strong><\/p>\n<p>Con el seguro de vida a t\u00e9rmino, puede elegir exactamente cu\u00e1nto tiempo estar\u00e1 cubierto. A algunos de nuestros clientes les resulta \u00fatil hacer coincidir la duraci\u00f3n de su cobertura con varios hitos, como pagar una hipoteca o ver a sus hijos terminar la universidad. Sean cuales sean sus necesidades, puede crear una p\u00f3liza a t\u00e9rmino personalizada e irla ajustando a medida que sus necesidades vayan cambiando.<\/p>\n<\/div><\/section><\/div><div class=\"flex_column av_one_half  flex_column_div    \" style='border-width:1px; border-color:rgba(38,38,38,0.45); border-style:solid; padding:10px; border-radius:0; '><section class=\"av_textblock_section \"  itemscope=\"itemscope\" itemtype=\"https:\/\/schema.org\/CreativeWork\" ><div class='avia_textblock  '   itemprop=\"text\" ><p><span style=\"color: #000080;\"><b><span class=\"text__dark-palm\">Tu presupuesto<\/span><\/b><\/span><\/p>\n<p>Puede seleccionar el producto que mejor se adapte a su billetera y objetivos. Por ejemplo, puede seleccionar una prima fija durante un per\u00edodo seleccionado. O puede comenzar con primas m\u00e1s peque\u00f1as que aumenten cada a\u00f1o al ser ajustado el valor de cobertura. Esa podr\u00eda ser una buena opci\u00f3n si planea ir incrementado sus ingresos conforme avanza su carrera profesional. Nuestras opciones flexibles le permiten construir una estrategia que se ajuste a las necesidades de su familia y a su presupuesto.<\/p>\n<\/div><\/section><\/div><\/div><\/div><\/div><!-- close content main div --><\/div><\/div><div id='after_section_2' class='main_color av_default_container_wrap container_wrap sidebar_right'   ><div class='container' ><div class='template-page content  av-content-small alpha units'><div class='post-entry post-entry-type-page post-entry-1477'><div class='entry-content-wrapper clearfix'><div class=\"flex_column av_one_full  flex_column_div av-zero-column-padding first  \" style='border-radius:0px; '><\/div><\/p>\n","protected":false},"excerpt":{"rendered":"","protected":false},"author":3,"featured_media":0,"parent":0,"menu_order":0,"comment_status":"closed","ping_status":"closed","template":"","meta":{"footnotes":""},"_links":{"self":[{"href":"https:\/\/www.trianadvisors.com\/es\/wp-json\/wp\/v2\/pages\/1477"}],"collection":[{"href":"https:\/\/www.trianadvisors.com\/es\/wp-json\/wp\/v2\/pages"}],"about":[{"href":"https:\/\/www.trianadvisors.com\/es\/wp-json\/wp\/v2\/types\/page"}],"author":[{"embeddable":true,"href":"https:\/\/www.trianadvisors.com\/es\/wp-json\/wp\/v2\/users\/3"}],"replies":[{"embeddable":true,"href":"https:\/\/www.trianadvisors.com\/es\/wp-json\/wp\/v2\/comments?post=1477"}],"version-history":[{"count":6,"href":"https:\/\/www.trianadvisors.com\/es\/wp-json\/wp\/v2\/pages\/1477\/revisions"}],"predecessor-version":[{"id":1626,"href":"https:\/\/www.trianadvisors.com\/es\/wp-json\/wp\/v2\/pages\/1477\/revisions\/1626"}],"wp:attachment":[{"href":"https:\/\/www.trianadvisors.com\/es\/wp-json\/wp\/v2\/media?parent=1477"}],"curies":[{"name":"wp","href":"https:\/\/api.w.org\/{rel}","templated":true}]}}