{"id":1594,"date":"2022-09-12T16:30:29","date_gmt":"2022-09-12T16:30:29","guid":{"rendered":"https:\/\/www.trianadvisors.com\/mortgage-loans\/"},"modified":"2022-09-13T19:13:08","modified_gmt":"2022-09-13T19:13:08","slug":"mortgage-loans","status":"publish","type":"page","link":"https:\/\/www.trianadvisors.com\/es\/mortgage-loans\/","title":{"rendered":"Pr\u00e9stamos Hipotecarios \/ Mortgage Loans"},"content":{"rendered":"<\/div><\/div><\/div><!-- close content main div --><\/div><\/div><div id='av_section_1' class='avia-section main_color avia-section-no-padding avia-no-border-styling av-section-color-overlay-active avia-bg-style-scroll    av-minimum-height av-minimum-height-custom container_wrap sidebar_right' style = 'background-color: #000000; '  ><div class='av-section-color-overlay-wrap'><div class='av-section-color-overlay' style='opacity: 0.3; background-color: #14547e; background-image: url(https:\/\/www.trianadvisors.com\/wp-content\/themes\/enfold\/images\/background-images\/polygon.png); background-repeat: repeat;'><\/div><div class='container' style='height:200px'><div class='template-page content  av-content-small alpha units'><div class='post-entry post-entry-type-page post-entry-1594'><div class='entry-content-wrapper clearfix'>\n<div style='padding-bottom:10px;color:#ffffff;font-size:40px;' class='av-special-heading av-special-heading-h1 custom-color-heading blockquote modern-quote modern-centered   av-inherit-size '><h1 class='av-special-heading-tag '  itemprop=\"headline\"  >PRESTAMOS HIPOTECARIOS \/ MORTGAGE LOANS <\/h1><div class='special-heading-border'><div class='special-heading-inner-border' style='border-color:#ffffff'><\/div><\/div><\/div>\n<div style=' margin-top:10px; margin-bottom:10px;'  class='hr hr-custom hr-center hr-icon-yes   '><span class='hr-inner   inner-border-av-border-fat' style=' width:250px; border-color:#14547e;' ><span class='hr-inner-style'><\/span><\/span><span class='av-seperator-icon'  aria-hidden='true' data-av_icon='\ue8c6' data-av_iconfont='entypo-fontello'><\/span><span class='hr-inner   inner-border-av-border-fat' style=' width:250px; border-color:#14547e;' ><span class='hr-inner-style'><\/span><\/span><\/div>\n<\/div><\/div><\/div><!-- close content main div --><\/div><\/div><\/div><div id='after_section_1' class='main_color av_default_container_wrap container_wrap sidebar_right'   ><div class='container' ><div class='template-page content  av-content-small alpha units'><div class='post-entry post-entry-type-page post-entry-1594'><div class='entry-content-wrapper clearfix'>\n<div class=\"flex_column av_one_half  flex_column_div av-zero-column-padding first  \" style='border-radius:0px; '><section class=\"av_textblock_section \"  itemscope=\"itemscope\" itemtype=\"https:\/\/schema.org\/CreativeWork\" ><div class='avia_textblock  '  style='font-size:16px; '  itemprop=\"text\" ><p>Hay mucho en la cual pensar al comprar una casa &#8211; y es normal tener preguntas, especialmente si es tu primera vez. Te pudieses estar haciendo preguntas generales sobre tips al comprar tu primera casa, o tal vez la mejor manera para buscar asistencia con la inicial de pago o costes de cierre.<\/p>\n<p>En Trian, nos hemos asociado con los mejores agentes de pr\u00e9stamos del pa\u00eds para ayudarte a alcanzar tus metas familiares y personales.<\/p>\n<p>Tus sue\u00f1os y anhelos tienen importancia, y nosotros te motivamos a so\u00f1ar en GRANDE, cont\u00e1ctanos y perm\u00edtenos ayudarte a hacer tus sue\u00f1os realidad.<\/p>\n<\/div><\/section><\/div><div class=\"flex_column av_one_half  flex_column_div av-zero-column-padding   \" style='border-radius:0px; '><div class='avia-image-container  av-styling-     avia-align-center '  itemscope=\"itemscope\" itemtype=\"https:\/\/schema.org\/ImageObject\"  ><div class='avia-image-container-inner'><img class='avia_image ' src='https:\/\/www.trianadvisors.com\/wp-content\/uploads\/2022\/09\/mortgage.png' alt='' title='mortgage'   itemprop=\"thumbnailUrl\"  \/><\/div><\/div><\/div><\/p>\n","protected":false},"excerpt":{"rendered":"","protected":false},"author":3,"featured_media":0,"parent":0,"menu_order":0,"comment_status":"closed","ping_status":"closed","template":"","meta":{"footnotes":""},"_links":{"self":[{"href":"https:\/\/www.trianadvisors.com\/es\/wp-json\/wp\/v2\/pages\/1594"}],"collection":[{"href":"https:\/\/www.trianadvisors.com\/es\/wp-json\/wp\/v2\/pages"}],"about":[{"href":"https:\/\/www.trianadvisors.com\/es\/wp-json\/wp\/v2\/types\/page"}],"author":[{"embeddable":true,"href":"https:\/\/www.trianadvisors.com\/es\/wp-json\/wp\/v2\/users\/3"}],"replies":[{"embeddable":true,"href":"https:\/\/www.trianadvisors.com\/es\/wp-json\/wp\/v2\/comments?post=1594"}],"version-history":[{"count":4,"href":"https:\/\/www.trianadvisors.com\/es\/wp-json\/wp\/v2\/pages\/1594\/revisions"}],"predecessor-version":[{"id":1606,"href":"https:\/\/www.trianadvisors.com\/es\/wp-json\/wp\/v2\/pages\/1594\/revisions\/1606"}],"wp:attachment":[{"href":"https:\/\/www.trianadvisors.com\/es\/wp-json\/wp\/v2\/media?parent=1594"}],"curies":[{"name":"wp","href":"https:\/\/api.w.org\/{rel}","templated":true}]}}