{"id":1597,"date":"2022-09-02T17:53:22","date_gmt":"2022-09-02T17:53:22","guid":{"rendered":"https:\/\/www.trianadvisors.com\/mutual-funds\/"},"modified":"2022-09-13T19:28:00","modified_gmt":"2022-09-13T19:28:00","slug":"mutual-funds","status":"publish","type":"page","link":"https:\/\/www.trianadvisors.com\/es\/mutual-funds\/","title":{"rendered":"Fondos Mutuos"},"content":{"rendered":"<\/div><\/div><\/div><!-- close content main div --><\/div><\/div><div id='av_section_1' class='avia-section main_color avia-section-no-padding avia-no-border-styling av-section-color-overlay-active avia-bg-style-scroll    av-minimum-height av-minimum-height-custom container_wrap sidebar_right' style = 'background-color: #000000; '  ><div class='av-section-color-overlay-wrap'><div class='av-section-color-overlay' style='opacity: 0.3; background-color: #14547e; background-image: url(https:\/\/www.trianadvisors.com\/wp-content\/themes\/enfold\/images\/background-images\/polygon.png); background-repeat: repeat;'><\/div><div class='container' style='height:250px'><div class='template-page content  av-content-small alpha units'><div class='post-entry post-entry-type-page post-entry-1597'><div class='entry-content-wrapper clearfix'>\n<div style='padding-bottom:10px;color:#ffffff;font-size:40px;' class='av-special-heading av-special-heading-h1 custom-color-heading blockquote modern-quote modern-centered   av-inherit-size '><h1 class='av-special-heading-tag '  itemprop=\"headline\"  >FONDOS MUTUOS<\/h1><div class='special-heading-border'><div class='special-heading-inner-border' style='border-color:#ffffff'><\/div><\/div><\/div>\n<div style=' margin-top:10px; margin-bottom:30px;'  class='hr hr-custom hr-center hr-icon-yes   '><span class='hr-inner   inner-border-av-border-fat' style=' width:250px; border-color:#14547e;' ><span class='hr-inner-style'><\/span><\/span><span class='av-seperator-icon'  aria-hidden='true' data-av_icon='\ue8c6' data-av_iconfont='entypo-fontello'><\/span><span class='hr-inner   inner-border-av-border-fat' style=' width:250px; border-color:#14547e;' ><span class='hr-inner-style'><\/span><\/span><\/div>\n<\/div><\/div><\/div><!-- close content main div --><\/div><\/div><\/div><div id='after_section_1' class='main_color av_default_container_wrap container_wrap sidebar_right'   ><div class='container' ><div class='template-page content  av-content-small alpha units'><div class='post-entry post-entry-type-page post-entry-1597'><div class='entry-content-wrapper clearfix'><div class=\"flex_column av_three_fifth  flex_column_div av-zero-column-padding first  \" style='border-radius:0px; '><section class=\"av_textblock_section \"  itemscope=\"itemscope\" itemtype=\"https:\/\/schema.org\/CreativeWork\" ><div class='avia_textblock  '   itemprop=\"text\" ><h1><span style=\"color: #0000ff;\">Fondos Mutuos<\/span><\/h1>\n<h3 class=\"h3\"><span style=\"color: #000080;\">Nos asociamos con los mejores administradores de fondos del paus para ayudarlo a invertir en su futuro.\u00a0<\/span><\/h3>\n<p>Los fondos mutuos son la manera f\u00e1cil de aprovechar una administraci\u00f3n experta y profesional para que pueda alcanzar sus objetivos financieros a largo plazo. Ya sea que est\u00e9 buscando algo a corto plazo, como un autom\u00f3vil o vacaciones, oa largo plazo, como una casa nueva o la jubilaci\u00f3n, puede invertir para ayudar a alcanzar esas metas. En Trian Financial nos asociamos solo con el mejor administrador de fondos para que sea simple y asequible alcanzar sus metas. Es f\u00e1cil comprar un fondo mutuo. En solo minutos, puede encaminarse hacia el logro de sus objetivos con una cartera de inversiones diversificada y administrada profesionalmente.<\/p>\n<\/div><\/section><\/div><div class=\"flex_column av_two_fifth  flex_column_div av-zero-column-padding   \" style='border-radius:0px; '><section class=\"av_textblock_section \"  itemscope=\"itemscope\" itemtype=\"https:\/\/schema.org\/CreativeWork\" ><div class='avia_textblock  '   itemprop=\"text\" ><h4><span class=\"text__medium\"><b>Consider a Mutual Fund if you&#8217;re looking for:<\/b><\/span><\/h4>\n<ul>\n<li>A way to invest for both near-and long-term needs<\/li>\n<li>Investments across multiple sectors so your money is diversified<\/li>\n<li>Access to funds that are professionally managed with as little as $50 to start<\/li>\n<\/ul>\n<\/div><\/section><\/div><\/p>\n<div class=\"flex_column av_one_full  flex_column_div av-zero-column-padding first  \" style='border-radius:0px; '><div class='avia-image-container  av-styling-     avia-align-center '  itemscope=\"itemscope\" itemtype=\"https:\/\/schema.org\/ImageObject\"  ><div class='avia-image-container-inner'><img class='avia_image ' src='https:\/\/www.trianadvisors.com\/wp-content\/uploads\/2022\/09\/Money-around-a-table-1.png' alt='' title='Money around a table'   itemprop=\"thumbnailUrl\"  \/><\/div><\/div><\/div>\n","protected":false},"excerpt":{"rendered":"","protected":false},"author":3,"featured_media":0,"parent":0,"menu_order":0,"comment_status":"closed","ping_status":"closed","template":"","meta":{"footnotes":""},"_links":{"self":[{"href":"https:\/\/www.trianadvisors.com\/es\/wp-json\/wp\/v2\/pages\/1597"}],"collection":[{"href":"https:\/\/www.trianadvisors.com\/es\/wp-json\/wp\/v2\/pages"}],"about":[{"href":"https:\/\/www.trianadvisors.com\/es\/wp-json\/wp\/v2\/types\/page"}],"author":[{"embeddable":true,"href":"https:\/\/www.trianadvisors.com\/es\/wp-json\/wp\/v2\/users\/3"}],"replies":[{"embeddable":true,"href":"https:\/\/www.trianadvisors.com\/es\/wp-json\/wp\/v2\/comments?post=1597"}],"version-history":[{"count":2,"href":"https:\/\/www.trianadvisors.com\/es\/wp-json\/wp\/v2\/pages\/1597\/revisions"}],"predecessor-version":[{"id":1609,"href":"https:\/\/www.trianadvisors.com\/es\/wp-json\/wp\/v2\/pages\/1597\/revisions\/1609"}],"wp:attachment":[{"href":"https:\/\/www.trianadvisors.com\/es\/wp-json\/wp\/v2\/media?parent=1597"}],"curies":[{"name":"wp","href":"https:\/\/api.w.org\/{rel}","templated":true}]}}