{"id":561,"date":"2014-08-24T17:28:24","date_gmt":"2014-08-24T17:28:24","guid":{"rendered":"http:\/\/trianadvisors.com\/contact\/"},"modified":"2018-05-24T15:51:41","modified_gmt":"2018-05-24T15:51:41","slug":"contacto","status":"publish","type":"page","link":"https:\/\/www.trianadvisors.com\/es\/contacto\/","title":{"rendered":"Contacto"},"content":{"rendered":"<\/div><\/div><\/div><!-- close content main div --><\/div><\/div><div id='av_section_1' class='avia-section main_color avia-section-large avia-no-border-styling avia-full-stretch av-section-color-overlay-active avia-bg-style-scroll    av-minimum-height av-minimum-height-custom container_wrap sidebar_right' style = 'background-repeat: no-repeat; background-image: url(https:\/\/www.trianadvisors.com\/wp-content\/uploads\/2018\/01\/img-8.jpg); background-attachment: scroll; background-position: bottom center; ' data-section-bg-repeat='stretch' ><div class='av-section-color-overlay-wrap'><div class='av-section-color-overlay' style='opacity: 0.4; background-color: #000000; '><\/div><div class='container' style='height:300px'><div class='template-page content  av-content-small alpha units'><div class='post-entry post-entry-type-page post-entry-561'><div class='entry-content-wrapper clearfix'>\n<div style='padding-bottom:10px;color:#ffffff;font-size:70px;' class='av-special-heading av-special-heading-h6 custom-color-heading blockquote modern-quote modern-centered   av-inherit-size '><h6 class='av-special-heading-tag '  itemprop=\"headline\"  >CONTACTO<\/h6><div class='special-heading-border'><div class='special-heading-inner-border' style='border-color:#ffffff'><\/div><\/div><\/div>\n<\/div><\/div><\/div><!-- close content main div --><\/div><\/div><\/div><div id='after_section_1' class='main_color av_default_container_wrap container_wrap sidebar_right'   ><div class='container' ><div class='template-page content  av-content-small alpha units'><div class='post-entry post-entry-type-page post-entry-561'><div class='entry-content-wrapper clearfix'>\n<\/div><\/div><\/div><!-- close content main div --><\/div><\/div><div id='av-layout-grid-1' class='av-layout-grid-container entry-content-wrapper main_color av-flex-cells    container_wrap sidebar_right'   >\n<div class=\"flex_cell no_margin av_one_half   av-zero-padding \" style='vertical-align:top; padding:0px; '><div class='flex_cell_inner' ><div id='av_gmap_1' class='avia-google-map-container ' data-mapid='1' style='height: 1000px;'><\/div>\n<\/div><\/div><div class=\"flex_cell no_margin av_one_half   \" style='vertical-align:middle; padding:50px; '><div class='flex_cell_inner' ><p><div style='padding-bottom:10px;font-size:34px;' class='av-special-heading av-special-heading-h3  blockquote modern-quote modern-centered   av-inherit-size '><h3 class='av-special-heading-tag '  itemprop=\"headline\"  >\u00bfDesea contactarnos?<\/h3><div class='special-heading-border'><div class='special-heading-inner-border' ><\/div><\/div><\/div><br \/>\n<section class=\"av_textblock_section \"  itemscope=\"itemscope\" itemtype=\"https:\/\/schema.org\/CreativeWork\" ><div class='avia_textblock  '   itemprop=\"text\" ><p>Para obtener m\u00e1s informaci\u00f3n sobre nuestros planes y servicios, escr\u00edbanos un mensaje.<\/p>\n<\/div><\/section><br \/>\n<div style='padding-bottom:10px;font-size:20px;' class='av-special-heading av-special-heading-h5  blockquote modern-quote   av-inherit-size '><h5 class='av-special-heading-tag '  itemprop=\"headline\"  >Informaci\u00f3n de contacto<\/h5><div class='special-heading-border'><div class='special-heading-inner-border' ><\/div><\/div><\/div><br \/>\n<div class=\"flex_column av_one_full  flex_column_div av-zero-column-padding first  \" style='margin-top:0px; margin-bottom:0px; border-radius:0px; '><div class='avia-icon-list-container   '><ul class='avia-icon-list avia-icon-list-left av-iconlist-small avia_animate_when_almost_visible'>\n<li><div  class='iconlist_icon  avia-font-entypo-fontello'><span class='iconlist-char ' aria-hidden='true' data-av_icon='\ue805' data-av_iconfont='entypo-fontello'><\/span><\/div><article class=\"article-icon-entry av-iconlist-empty\"  itemscope=\"itemscope\" itemtype=\"https:\/\/schema.org\/CreativeWork\" ><div class='iconlist_content_wrap'><header class=\"entry-content-header\"><div class='av_iconlist_title iconlist_title_small  '  itemprop=\"headline\"  >info@trianadvisors.com<\/div><\/header><div class='iconlist_content  '  itemprop=\"text\"  ><\/div><\/div><footer class=\"entry-footer\"><\/footer><\/article><div class='iconlist-timeline'><\/div><\/li>\n<li><div  class='iconlist_icon  avia-font-entypo-fontello'><span class='iconlist-char ' aria-hidden='true' data-av_icon='\ue8a7' data-av_iconfont='entypo-fontello'><\/span><\/div><article class=\"article-icon-entry av-iconlist-empty\"  itemscope=\"itemscope\" itemtype=\"https:\/\/schema.org\/CreativeWork\" ><div class='iconlist_content_wrap'><header class=\"entry-content-header\"><div class='av_iconlist_title iconlist_title_small  '  itemprop=\"headline\"  >www.trianadvisors.com<\/div><\/header><div class='iconlist_content  '  itemprop=\"text\"  ><\/div><\/div><footer class=\"entry-footer\"><\/footer><\/article><div class='iconlist-timeline'><\/div><\/li>\n<li><div  class='iconlist_icon  avia-font-entypo-fontello'><span class='iconlist-char ' aria-hidden='true' data-av_icon='\ue842' data-av_iconfont='entypo-fontello'><\/span><\/div><article class=\"article-icon-entry av-iconlist-empty\"  itemscope=\"itemscope\" itemtype=\"https:\/\/schema.org\/CreativeWork\" ><div class='iconlist_content_wrap'><header class=\"entry-content-header\"><div class='av_iconlist_title iconlist_title_small  '  itemprop=\"headline\"  >440 Cobia Dr, Suite 1401, Katy - TX 77494<\/div><\/header><div class='iconlist_content  '  itemprop=\"text\"  ><\/div><\/div><footer class=\"entry-footer\"><\/footer><\/article><div class='iconlist-timeline'><\/div><\/li>\n<\/ul><\/div><\/div><div style='height:30px' class='hr hr-invisible  '><span class='hr-inner ' ><span class='hr-inner-style'><\/span><\/span><\/div><br \/>\n<form action=\"https:\/\/www.trianadvisors.com\/es\/contacto\/\" method=\"post\"  class=\"avia_ajax_form av-form-labels-hidden     \" data-avia-form-id=\"1\" data-avia-redirect=''><fieldset><p class=' first_form  form_element form_fullwidth' id='element_avia_1_1'> <input name=\"avia_1_1\" class=\"text_input is_empty\" type=\"text\" id=\"avia_1_1\" value=\"\"  placeholder='Nombre*'\/><\/p><p class=' first_form  form_element form_fullwidth' id='element_avia_2_1'> <input name=\"avia_2_1\" class=\"text_input is_email\" type=\"text\" id=\"avia_2_1\" value=\"\"  placeholder='E-Mail*'\/><\/p><p class=' first_form  form_element form_fullwidth' id='element_avia_3_1'> <input name=\"avia_3_1\" class=\"text_input is_empty\" type=\"text\" id=\"avia_3_1\" value=\"\"  placeholder='Asunto*'\/><\/p><p class=' first_form  form_element form_fullwidth av-last-visible-form-element' id='element_avia_4_1'>\t <textarea  placeholder='Mensaje*' name=\"avia_4_1\" class=\"text_area is_empty\" cols=\"40\" rows=\"7\" id=\"avia_4_1\" ><\/textarea><\/p><p class=\"hidden\"><input type=\"text\" name=\"avia_5_1\" class=\"hidden \" id=\"avia_5_1\" value=\"\" \/><\/p><p class=\"form_element \"><input type=\"hidden\" value=\"1\" name=\"avia_generated_form1\" \/><input type=\"submit\" value=\"Submit\" class=\"button\"  data-sending-label=\"Enviando\"\/><\/p><\/fieldset><\/form><div id=\"ajaxresponse_1\" class=\"ajaxresponse ajaxresponse_1 hidden\"><\/div><\/p>\n<\/div><\/div><\/div>\n","protected":false},"excerpt":{"rendered":"","protected":false},"author":1,"featured_media":0,"parent":0,"menu_order":0,"comment_status":"closed","ping_status":"open","template":"","meta":{"footnotes":""},"_links":{"self":[{"href":"https:\/\/www.trianadvisors.com\/es\/wp-json\/wp\/v2\/pages\/561"}],"collection":[{"href":"https:\/\/www.trianadvisors.com\/es\/wp-json\/wp\/v2\/pages"}],"about":[{"href":"https:\/\/www.trianadvisors.com\/es\/wp-json\/wp\/v2\/types\/page"}],"author":[{"embeddable":true,"href":"https:\/\/www.trianadvisors.com\/es\/wp-json\/wp\/v2\/users\/1"}],"replies":[{"embeddable":true,"href":"https:\/\/www.trianadvisors.com\/es\/wp-json\/wp\/v2\/comments?post=561"}],"version-history":[{"count":9,"href":"https:\/\/www.trianadvisors.com\/es\/wp-json\/wp\/v2\/pages\/561\/revisions"}],"predecessor-version":[{"id":1253,"href":"https:\/\/www.trianadvisors.com\/es\/wp-json\/wp\/v2\/pages\/561\/revisions\/1253"}],"wp:attachment":[{"href":"https:\/\/www.trianadvisors.com\/es\/wp-json\/wp\/v2\/media?parent=561"}],"curies":[{"name":"wp","href":"https:\/\/api.w.org\/{rel}","templated":true}]}}